{"id":6,"date":"2015-09-20T13:35:42","date_gmt":"2015-09-20T11:35:42","guid":{"rendered":"http:\/\/geiger-corpcom.com\/site\/fr\/?page_id=6"},"modified":"2020-06-04T13:35:25","modified_gmt":"2020-06-04T11:35:25","slug":"le-cabinet","status":"publish","type":"page","link":"https:\/\/geiger-corpcom.com\/fr\/le-cabinet\/","title":{"rendered":"Cabinet"},"content":{"rendered":"<p><strong>GEIGER corporate&amp;commercial &#8211; GCC\u00a0<\/strong>est un cabinet conseil \u201cboutique\u201d, sp\u00e9cialis\u00e9 en droit des affaires et des soci\u00e9t\u00e9s et cr\u00e9\u00e9 par Dr. Andrea Geiger \u00e0 Munich en 2015. Nos services sont ax\u00e9s sur l&#8217;accomplissement des missions suivantes:<\/p>\n<ul>\n<li>fusions et acquisitions d\u2019entreprises de petite ou moyenne taille<\/li>\n<li>investissements <em>Private Equity<\/em> et <em>Capital Risque<\/em><\/li>\n<li>joint-ventures et projets industriels<\/li>\n<li>gestion des affaires courantes.<\/li>\n<\/ul>\n<p>Notre approche pragmatique et orient\u00e9e vers le succ\u00e8s nous a permis de construire une excellente r\u00e9putation. Notre premier objectif est d&#8217;agir en tant que \u00ab\u00a0<em>Sparring<\/em><em> Partner<\/em><em>\u00a0\u00bb<\/em> de nos clients et de r\u00e9aliser leurs conceptions entrepreneuriales de fa\u00e7on durable et profitable. Gr\u00e2ce \u00e0 nos structures l\u00e9g\u00e8res, nous sommes en mesure d\u2019agir avec une grande r\u00e9activit\u00e9 et efficacit\u00e9 en termes de temps et de co\u00fbts.<\/p>\n<p>Nous intervenons notamment pour:<\/p>\n<ul>\n<li>des entreprises industrielles et commerciales allemandes et \u00e9trang\u00e8res<\/li>\n<li>des fonds\u00a0<em>Private Equity<\/em> et <em>Capital Risque <\/em>et<\/li>\n<li>des <em>Family Offices<\/em><em>.<\/em><\/li>\n<\/ul>\n<p>Dr. Andrea Geiger \u0153uvre depuis de nombreuses ann\u00e9es au d\u00e9veloppement des relations d&#8217;affaires franco-allemandes, ce qui permet \u00e0 GCC d\u2019avoir un nombre significatif d&#8217;entreprises fran\u00e7aises parmi ses clients.<\/p>\n<p><strong>Dr. Andrea Geiger<\/strong><\/p>\n<p>Dr. Andrea Geiger est d\u2019origine Munichoise. Elle conseille ses clients depuis 25 ans dans le droit des affaires allemand, fran\u00e7ais et international. Elle est <em>Rechtsanw\u00e4ltin <\/em>et <em>Avocat \u00e0 la Cour<\/em> et admise \u00e0 ce titre aux ordres des avocats de Munich et Paris. Suite \u00e0 son \u00e9ducation juridique \u00e0 Munich et \u00e0 Paris, elle a d\u00e9velopp\u00e9 sa carri\u00e8re professionnelle au sein de grands cabinets d&#8217;affaires internationaux (<em>Linklaters<\/em> \u00e0 Munich, <em>Nabarro <\/em><em>Nathanson<\/em> \u00e0 Londres, <em>Paul Hastings,<\/em> <em>Rogers &amp; Wells<\/em>, <em>Bignon Lebray<\/em> \u00e0 Paris et enfin <em>SKW Schwarz Rechtsanw\u00e4lte <\/em>\u00e0 Munich). En 2015, apr\u00e8s sept ann\u00e9es d&#8217;association au cabinet SKW Schwarz, Dr. Andrea Geiger a fond\u00e9 sa propre structure GCC, pour se consacrer enti\u00e8rement \u00e0 ses comp\u00e9tences cl\u00e9s.<\/p>\n<p>Afin de pouvoir d\u00e9fendre avec succ\u00e8s les int\u00e9r\u00eats de ses clients, Dr. Andrea Geiger utilise non seulement son vaste savoir-faire juridique en droit des entreprises allemand, fran\u00e7ais et international, mais aussi son exp\u00e9rience acquise pendant de longues ann\u00e9es dans un environnement international et multiculturel. Elle travaille en parall\u00e8le en allemand, fran\u00e7ais et anglais.<\/p>\n<p>Depuis 2012, Dr. Andrea Geiger est chaque ann\u00e9e \u00e9lue par ses confr\u00e8res au sein du cercle des meilleurs avocats allemands pour le secteur des <em>Fusions &amp; Acquisitions <\/em>et depuis 2020 \u00e9galement pour le secteur\u00a0<em>Corporate Law<\/em> (initiative &#8220;<strong>Best Lawyers<\/strong>&#8221; en coop\u00e9ration avec le journal \u00e9conomique allemand\u00a0<strong>Handelsblatt<\/strong>).<\/p>\n","protected":false},"excerpt":{"rendered":"<p>GEIGER corporate&amp;commercial &#8211; GCC\u00a0est un cabinet conseil \u201cboutique\u201d, sp\u00e9cialis\u00e9 en droit des affaires et des soci\u00e9t\u00e9s et cr\u00e9\u00e9 par Dr. Andrea Geiger \u00e0 Munich en 2015. Nos services sont ax\u00e9s sur l&#8217;accomplissement des missions suivantes: fusions et acquisitions d\u2019entreprises de petite ou moyenne taille investissements Private Equity et Capital Risque joint-ventures et projets industriels gestion [&hellip;]<\/p>\n","protected":false},"author":1,"featured_media":0,"parent":0,"menu_order":2,"comment_status":"open","ping_status":"open","template":"","meta":{"footnotes":""},"class_list":["post-6","page","type-page","status-publish","hentry"],"_links":{"self":[{"href":"https:\/\/geiger-corpcom.com\/fr\/wp-json\/wp\/v2\/pages\/6","targetHints":{"allow":["GET"]}}],"collection":[{"href":"https:\/\/geiger-corpcom.com\/fr\/wp-json\/wp\/v2\/pages"}],"about":[{"href":"https:\/\/geiger-corpcom.com\/fr\/wp-json\/wp\/v2\/types\/page"}],"author":[{"embeddable":true,"href":"https:\/\/geiger-corpcom.com\/fr\/wp-json\/wp\/v2\/users\/1"}],"replies":[{"embeddable":true,"href":"https:\/\/geiger-corpcom.com\/fr\/wp-json\/wp\/v2\/comments?post=6"}],"version-history":[{"count":28,"href":"https:\/\/geiger-corpcom.com\/fr\/wp-json\/wp\/v2\/pages\/6\/revisions"}],"predecessor-version":[{"id":216,"href":"https:\/\/geiger-corpcom.com\/fr\/wp-json\/wp\/v2\/pages\/6\/revisions\/216"}],"wp:attachment":[{"href":"https:\/\/geiger-corpcom.com\/fr\/wp-json\/wp\/v2\/media?parent=6"}],"curies":[{"name":"wp","href":"https:\/\/api.w.org\/{rel}","templated":true}]}}