{"id":19,"date":"2015-09-20T13:43:34","date_gmt":"2015-09-20T11:43:34","guid":{"rendered":"http:\/\/geiger-corpcom.com\/site\/fr\/?page_id=19"},"modified":"2020-05-31T17:17:25","modified_gmt":"2020-05-31T15:17:25","slug":"kontakt","status":"publish","type":"page","link":"https:\/\/geiger-corpcom.com\/fr\/kontakt\/","title":{"rendered":"Contact"},"content":{"rendered":"<div class=\"contactAdress\">\n<h6><strong>GEIGER corporate&amp;commercial<\/strong><\/h6>\n<h6><strong>Dr. Andrea Geiger<br \/>\n<\/strong><em>Rechtsanw\u00e4ltin &#8211; Avocat \u00e0 la Cour<\/em><\/h6>\n<p>Residenzstra\u00dfe 18<br \/>\n80333\u00a0Munich<br \/>\nGermany<\/p>\n<p>T +49 (0) 89 215 585 110<br \/>\nF +49 (0) 89 215 585 119<br \/>\nM +49 (0) 172 88 22 120<br \/>\n<a href=\"mailto:ag@geiger-corpcom.com\">ag@geiger-corpcom.com<\/a><\/p>\n<p><a href=\"https:\/\/geiger-corpcom.com\/wp-content\/uploads\/2015\/06\/Dr.-Andrea-Geiger.vcf\">vcard Dr. Andrea Geiger<\/a><\/p>\n<\/div>\n<div style=\"clear: both;\"><\/div>\n<div role=\"form\" class=\"wpcf7\" id=\"wpcf7-f21-o1\" lang=\"de-DE\" dir=\"ltr\">\n<div class=\"screen-reader-response\"><\/div>\n<form action=\"\/fr\/wp-json\/wp\/v2\/pages\/19#wpcf7-f21-o1\" method=\"post\" class=\"wpcf7-form\" novalidate=\"novalidate\">\n<div style=\"display: none;\">\n<input type=\"hidden\" name=\"_wpcf7\" value=\"21\" \/>\n<input type=\"hidden\" name=\"_wpcf7_version\" value=\"5.1.7\" \/>\n<input type=\"hidden\" name=\"_wpcf7_locale\" value=\"de_DE\" \/>\n<input type=\"hidden\" name=\"_wpcf7_unit_tag\" value=\"wpcf7-f21-o1\" \/>\n<input type=\"hidden\" name=\"_wpcf7_container_post\" value=\"0\" \/>\n<\/div>\n<p>Votre nom *<br \/>\n    <span class=\"wpcf7-form-control-wrap your-name\"><input type=\"text\" name=\"your-name\" value=\"\" size=\"40\" class=\"wpcf7-form-control wpcf7-text wpcf7-validates-as-required\" aria-required=\"true\" aria-invalid=\"false\" \/><\/span> <\/p>\n<p>Votre email *<br \/>\n    <span class=\"wpcf7-form-control-wrap your-email\"><input type=\"email\" name=\"your-email\" value=\"\" size=\"40\" class=\"wpcf7-form-control wpcf7-text wpcf7-email wpcf7-validates-as-required wpcf7-validates-as-email\" aria-required=\"true\" aria-invalid=\"false\" \/><\/span> <\/p>\n<p>Votre sujet *<br \/>\n    <span class=\"wpcf7-form-control-wrap your-subject\"><input type=\"text\" name=\"your-subject\" value=\"\" size=\"40\" class=\"wpcf7-form-control wpcf7-text wpcf7-validates-as-required\" aria-required=\"true\" aria-invalid=\"false\" \/><\/span> <\/p>\n<p>Votre message *<br \/>\n    <span class=\"wpcf7-form-control-wrap your-message\"><textarea name=\"your-message\" cols=\"40\" rows=\"10\" class=\"wpcf7-form-control wpcf7-textarea wpcf7-validates-as-required\" aria-required=\"true\" aria-invalid=\"false\"><\/textarea><\/span> <\/p>\n<p><input type=\"submit\" value=\"envoyer\" class=\"wpcf7-form-control wpcf7-submit\" \/><\/p>\n<p>Le renseignement des champs marqu\u00e9s * est obligatoire.<\/p>\n<div class=\"wpcf7-response-output wpcf7-display-none\"><\/div><\/form><\/div>\n","protected":false},"excerpt":{"rendered":"<p>GEIGER corporate&amp;commercial Dr. Andrea Geiger Rechtsanw\u00e4ltin &#8211; Avocat \u00e0 la Cour Residenzstra\u00dfe 18 80333\u00a0Munich Germany T +49 (0) 89 215 585 110 F +49 (0) 89 215 585 119 M +49 (0) 172 88 22 120 ag@geiger-corpcom.com vcard Dr. Andrea Geiger<\/p>\n","protected":false},"author":1,"featured_media":0,"parent":0,"menu_order":5,"comment_status":"open","ping_status":"closed","template":"template-contact.php","meta":{"footnotes":""},"class_list":["post-19","page","type-page","status-publish","hentry"],"_links":{"self":[{"href":"https:\/\/geiger-corpcom.com\/fr\/wp-json\/wp\/v2\/pages\/19","targetHints":{"allow":["GET"]}}],"collection":[{"href":"https:\/\/geiger-corpcom.com\/fr\/wp-json\/wp\/v2\/pages"}],"about":[{"href":"https:\/\/geiger-corpcom.com\/fr\/wp-json\/wp\/v2\/types\/page"}],"author":[{"embeddable":true,"href":"https:\/\/geiger-corpcom.com\/fr\/wp-json\/wp\/v2\/users\/1"}],"replies":[{"embeddable":true,"href":"https:\/\/geiger-corpcom.com\/fr\/wp-json\/wp\/v2\/comments?post=19"}],"version-history":[{"count":18,"href":"https:\/\/geiger-corpcom.com\/fr\/wp-json\/wp\/v2\/pages\/19\/revisions"}],"predecessor-version":[{"id":210,"href":"https:\/\/geiger-corpcom.com\/fr\/wp-json\/wp\/v2\/pages\/19\/revisions\/210"}],"wp:attachment":[{"href":"https:\/\/geiger-corpcom.com\/fr\/wp-json\/wp\/v2\/media?parent=19"}],"curies":[{"name":"wp","href":"https:\/\/api.w.org\/{rel}","templated":true}]}}