{"id":17,"date":"2015-09-20T13:42:04","date_gmt":"2015-09-20T11:42:04","guid":{"rendered":"http:\/\/geiger-corpcom.com\/site\/fr\/?page_id=17"},"modified":"2020-05-11T13:26:34","modified_gmt":"2020-05-11T11:26:34","slug":"references","status":"publish","type":"page","link":"https:\/\/geiger-corpcom.com\/fr\/references\/","title":{"rendered":"R\u00e9f\u00e9rences"},"content":{"rendered":"<p>Ces derni\u00e8res ann\u00e9es, Dr. Andrea Geiger a notamment accompagn\u00e9 les projets suivants:<\/p>\n<ul>\n<li>acquisition d\u2019un fournisseur allemand de services d&#8217;ing\u00e9nerie par un investisseur industriel fran\u00e7ais<\/li>\n<li>acquisition d\u2019un fournisseur automobile allemand\/hongrois par un fournisseur automobile fran\u00e7ais<\/li>\n<li>cession\u00a0d\u2019une soci\u00e9t\u00e9 allemande, rendant des services relatifs \u00e0 la s\u00e9curit\u00e9 a\u00e9rienne, \u00e0 un investisseur chinois<\/li>\n<li>cr\u00e9ation et d\u00e9veloppement de la filiale allemande d&#8217;une entreprise de mode et <em>homeshopping <\/em>fran\u00e7aise<\/li>\n<li>acquisition d\u2019un fournisseur automobile allemand par un fournisseur automobile fran\u00e7ais<\/li>\n<li>acquisition d&#8217;une coop\u00e9rative de producteurs de lait par un leader fran\u00e7ais du march\u00e9 laitier<\/li>\n<li>cession d&#8217;une chaine TV <em>home shopping<\/em> munichoise, avec rachat d&#8217;une participation par un fonds de capital risque parisien<\/li>\n<li>fusion internationale (UK-US-D-F) de trois entreprises conseil M&amp;A\/corporate finance (Munich, Paris, New York)<\/li>\n<li>due diligence d&#8217;une soci\u00e9t\u00e9 allemande d\u00e9veloppant\/commercialisant des produits pour le traitement de maladies vasculaires, dans le contexte d&#8217;un\u00a0investissement par bpifrance<\/li>\n<li>participation d&#8217;un fabricant de lentilles de contact parisien dans une auction pour le rachat d&#8217;un commerce de lentilles de contact munichois<\/li>\n<li>\u00e9tablissement de son centre logistique \u00e0 Berlin par un leader londonien dans la vente de v\u00eatements par internet<\/li>\n<li>acquisition d\u2019une soci\u00e9t\u00e9 allemande, rendant des services relatifs \u00e0 la s\u00e9curit\u00e9 a\u00e9rienne, par un investisseur industriel parisien<\/li>\n<li>acquisition d\u2019un fournisseur allemand de produits IT par un <em>family office<\/em> parisien<\/li>\n<li>acquisition d\u2019une usine allemande de fromages par un leader fran\u00e7ais du march\u00e9 laitier<\/li>\n<li>acquisition d\u2019un d\u00e9veloppeur de logiciels parisien par une soci\u00e9t\u00e9 IT munichoise<\/li>\n<li>acquisition d&#8217;un immeuble de bureaux par un leader fran\u00e7ais dans la gestion d&#8217;actifs<\/li>\n<li>construction d&#8217;un grand parc solaire en France par une soci\u00e9t\u00e9 industrielle munichoise<\/li>\n<li>investissement dans une plateforme <i>e-learning<\/i> allemande par un fonds de capital risque parisien<\/li>\n<li>due diligence d\u2019un prestataire de services IT allemand (dans le contexte de l\u2019acquisition d\u2019un groupe de soci\u00e9t\u00e9s europ\u00e9en par un strat\u00e8ge, investisseur industriel am\u00e9ricain)<\/li>\n<li>restructuration d\u2019un groupe de soci\u00e9t\u00e9s allemand, appartenant \u00e0 un leader r\u00e9seau d\u2019agences de publicit\u00e9 multinational<\/li>\n<li>restructuration d\u2019un groupe de soci\u00e9t\u00e9s allemande appartenant \u00e0 un leader d\u00e9veloppeur fran\u00e7ais de jeux informatiques<\/li>\n<li>\u00e9tablissement de la filiale allemande d\u2019une soci\u00e9t\u00e9 IT fran\u00e7aise<\/li>\n<li>cession d&#8217;une plateforme e-commerce d\u00e9tenue par plusieurs fonds de capital risque allemands \u00e0 une plateforme de comparaison de prix fran\u00e7aise<\/li>\n<\/ul>\n","protected":false},"excerpt":{"rendered":"<p>Ces derni\u00e8res ann\u00e9es, Dr. Andrea Geiger a notamment accompagn\u00e9 les projets suivants: acquisition d\u2019un fournisseur allemand de services d&#8217;ing\u00e9nerie par un investisseur industriel fran\u00e7ais acquisition d\u2019un fournisseur automobile allemand\/hongrois par un fournisseur automobile fran\u00e7ais cession\u00a0d\u2019une soci\u00e9t\u00e9 allemande, rendant des services relatifs \u00e0 la s\u00e9curit\u00e9 a\u00e9rienne, \u00e0 un investisseur chinois cr\u00e9ation et d\u00e9veloppement de la filiale [&hellip;]<\/p>\n","protected":false},"author":1,"featured_media":0,"parent":0,"menu_order":4,"comment_status":"open","ping_status":"closed","template":"","meta":{"footnotes":""},"class_list":["post-17","page","type-page","status-publish","hentry"],"_links":{"self":[{"href":"https:\/\/geiger-corpcom.com\/fr\/wp-json\/wp\/v2\/pages\/17","targetHints":{"allow":["GET"]}}],"collection":[{"href":"https:\/\/geiger-corpcom.com\/fr\/wp-json\/wp\/v2\/pages"}],"about":[{"href":"https:\/\/geiger-corpcom.com\/fr\/wp-json\/wp\/v2\/types\/page"}],"author":[{"embeddable":true,"href":"https:\/\/geiger-corpcom.com\/fr\/wp-json\/wp\/v2\/users\/1"}],"replies":[{"embeddable":true,"href":"https:\/\/geiger-corpcom.com\/fr\/wp-json\/wp\/v2\/comments?post=17"}],"version-history":[{"count":15,"href":"https:\/\/geiger-corpcom.com\/fr\/wp-json\/wp\/v2\/pages\/17\/revisions"}],"predecessor-version":[{"id":177,"href":"https:\/\/geiger-corpcom.com\/fr\/wp-json\/wp\/v2\/pages\/17\/revisions\/177"}],"wp:attachment":[{"href":"https:\/\/geiger-corpcom.com\/fr\/wp-json\/wp\/v2\/media?parent=17"}],"curies":[{"name":"wp","href":"https:\/\/api.w.org\/{rel}","templated":true}]}}