{"id":123,"date":"2020-04-27T21:23:58","date_gmt":"2020-04-27T19:23:58","guid":{"rendered":"http:\/\/geiger-corpcom.com\/site\/fr\/?page_id=123"},"modified":"2025-01-05T23:32:44","modified_gmt":"2025-01-05T22:32:44","slug":"home","status":"publish","type":"page","link":"https:\/\/geiger-corpcom.com\/fr\/","title":{"rendered":"Bienvenue chez GCC"},"content":{"rendered":"<p>Votre cabinet boutique sp\u00e9cialis\u00e9 en droit des soci\u00e9t\u00e9s et des affaires allemand et fran\u00e7ais.<\/p>\n<p>Nous proposons des services de conseil efficace et de soutien proactif pour la r\u00e9ussite de vos transactions d&#8217;entreprises et projets commerciaux entre la France et l&#8217;Allemagne.<\/p>\n<p>Contactez nous ici: \u00a0 \u00a0 <strong><a style=\"text-decoration: none;\" href=\"tel:+4989215585110\"><span style=\"color: #f2642a;\">T\u00c9L\u00c9PHONE<\/span><\/a>\u00a0 \u00a0 \u00a0 <a style=\"text-decoration: none;\" href=\"mailto:ag@geiger-corpcom.com\"><span style=\"color: #f2642a;\">EMAIL<\/span><\/a><\/strong><\/p>\n","protected":false},"excerpt":{"rendered":"<p>Votre cabinet boutique sp\u00e9cialis\u00e9 en droit des soci\u00e9t\u00e9s et des affaires allemand et fran\u00e7ais. Nous proposons des services de conseil efficace et de soutien proactif pour la r\u00e9ussite de vos transactions d&#8217;entreprises et projets commerciaux entre la France et l&#8217;Allemagne. Contactez nous ici: \u00a0 \u00a0 T\u00c9L\u00c9PHONE\u00a0 \u00a0 \u00a0 EMAIL<\/p>\n","protected":false},"author":1,"featured_media":0,"parent":0,"menu_order":0,"comment_status":"closed","ping_status":"closed","template":"","meta":{"footnotes":""},"class_list":["post-123","page","type-page","status-publish","hentry"],"_links":{"self":[{"href":"https:\/\/geiger-corpcom.com\/fr\/wp-json\/wp\/v2\/pages\/123","targetHints":{"allow":["GET"]}}],"collection":[{"href":"https:\/\/geiger-corpcom.com\/fr\/wp-json\/wp\/v2\/pages"}],"about":[{"href":"https:\/\/geiger-corpcom.com\/fr\/wp-json\/wp\/v2\/types\/page"}],"author":[{"embeddable":true,"href":"https:\/\/geiger-corpcom.com\/fr\/wp-json\/wp\/v2\/users\/1"}],"replies":[{"embeddable":true,"href":"https:\/\/geiger-corpcom.com\/fr\/wp-json\/wp\/v2\/comments?post=123"}],"version-history":[{"count":20,"href":"https:\/\/geiger-corpcom.com\/fr\/wp-json\/wp\/v2\/pages\/123\/revisions"}],"predecessor-version":[{"id":223,"href":"https:\/\/geiger-corpcom.com\/fr\/wp-json\/wp\/v2\/pages\/123\/revisions\/223"}],"wp:attachment":[{"href":"https:\/\/geiger-corpcom.com\/fr\/wp-json\/wp\/v2\/media?parent=123"}],"curies":[{"name":"wp","href":"https:\/\/api.w.org\/{rel}","templated":true}]}}