{"id":125,"date":"2020-04-30T15:30:16","date_gmt":"2020-04-30T13:30:16","guid":{"rendered":"http:\/\/geiger-corpcom.com\/en\/?page_id=125"},"modified":"2020-05-01T13:55:57","modified_gmt":"2020-05-01T11:55:57","slug":"imprint","status":"publish","type":"page","link":"https:\/\/geiger-corpcom.com\/en\/imprint\/","title":{"rendered":"Imprint"},"content":{"rendered":"<h3><\/h3>\n<h3><strong>www.geiger-corpcom.com<\/strong><\/h3>\n<h5><\/h5>\n<p><strong>Information according to \u00a7 5 TMG<br \/>\n<\/strong>This website is operated by the law firm GEIGER corporate&amp;commercial.<br \/>\nGEIGER corporate&amp;commercial is represented by its owner Dr. Andrea Geiger.<\/p>\n<p><strong>Contact<br \/>\n<\/strong>Residenzstra\u00dfe\u00a018<br \/>\nD &#8211; 80333 Munich<br \/>\nE-Mail ag@geiger-corpcom.com<br \/>\nPhone\u00a0 + 49 89 215 585 110<\/p>\n<p><strong>Information specific to the legal profession:<\/strong><\/p>\n<p><strong>Professional titles<\/strong><br \/>\n<em>Rechtsanw\u00e4ltin<\/em>\u00a0 and\u00a0\u00a0<em>Avocat \u00e0 la Cour<\/em>\u00a0 (granted in Munich, Germany and Paris, France)<\/p>\n<p><strong>Competent Bar Associations \/ regulatory authorities<br \/>\n<\/strong><strong>Germany<br \/>\n<\/strong>Rechtsanwaltskammer f\u00fcr den Oberlandesgerichtsbezirk M\u00fcnchen,\u00a0Tal 33, D &#8211; 80331 Munich<br \/>\n<strong>France<\/strong><br \/>\nOrdre des Avocats \u00e0 la Cour de Paris,\u00a011, Place Dauphine, F &#8211; 75053 Paris<\/p>\n<p><strong>Professional regulations<br \/>\n<\/strong><strong>Germany<br \/>\n<\/strong>Bundesrechtsanwaltsordnung (BRAO)<br \/>\nBerufsordnung (BORA)<br \/>\nFachanwaltsordnung (FAO)<br \/>\nGesetz \u00fcber die Verg\u00fctung der Rechtsanw\u00e4ltinnen und Rechtsanw\u00e4lte (RVG)<br \/>\nFachanwaltsordnung (FAO),<br \/>\nBerufsregeln der Rechtsanw\u00e4lte der Europ\u00e4ischen Gemeinschaft (CCBE)<br \/>\nGesetz \u00fcber die T\u00e4tigkeit europ\u00e4ischer Rechtsanw\u00e4lte in Deutschland (EuRAG)<br \/>\n<strong>France<br \/>\n<\/strong>R\u00e8glement Int\u00e9rieur du Barreau de Paris (Gesch\u00e4ftsordnung Anwaltskammer Paris)<br \/>\nD\u00e9cret n\u00b0 2005-790 du 12 juillet 2005 relatif aux r\u00e8gles de d\u00e9ontologie de la profession d&#8217;avocat (franz\u00f6sische Verordnung zum anwaltlichen Berufsrecht)<br \/>\nD\u00e9cret n\u00b0 91-1197 organisant la profession d&#8217;avocat (franz\u00f6sische Verordnung zur Organisation des Anwaltsberufs)<br \/>\nLoi n\u00b0 71-130 du 31 d\u00e9cembre 1971 portant r\u00e9forme de certaines professions judiciaires et juridiques (franz\u00f6sisches Gesetz zur Reformierung bestimmter juristischer Berufe)<br \/>\nBerufsregeln der Rechtsanw\u00e4lte der Europ\u00e4ischen Gemeinschaft (CCBE)<\/p>\n<p>All above regulations can be consulted for Germany on the homepage of the Federal Bar Association (<em>Bundesrechtsanwaltskammer<\/em>) at\u00a0<a href=\"http:\/\/www.brak.de\/\">www.brak.de<\/a>\u00a0&#8211; &#8220;Berufsrecht&#8221; and for France on the homepage of the Paris Bar Association (<em>Ordre des Avocats \u00e0 la Cour de Paris<\/em>) at\u00a0<a href=\"http:\/\/www.avocatparis.org\/\" target=\"_blank\" rel=\"noopener\">www.avocatparis.org<\/a>\u00a0&#8211; &#8220;Exercice de la Profession&#8221;.<\/p>\n<p><strong>Professional liability insurance<br \/>\n<\/strong>ERGO Versicherung AG<br \/>\nVictoriaplatz 1<br \/>\nD &#8211; 40477 D\u00fcsseldorf<\/p>\n<p style=\"line-height: 110%;\">The insurance coverage applies for Europe.<\/p>\n<p><strong>VAT-ID<br \/>\n<\/strong>DE 815 546 701<strong><br \/>\n<\/strong><\/p>\n<p><strong>Responsible for journalistic-editorial content in the sense of \u00a7 55 II RstV<br \/>\n<\/strong>Dr. Andrea Geiger<br \/>\nResidenzstra\u00dfe\u00a018<br \/>\nD &#8211; 80333 M\u00fcnchen<\/p>\n","protected":false},"excerpt":{"rendered":"<p>www.geiger-corpcom.com Information according to \u00a7 5 TMG This website is operated by the law firm GEIGER corporate&amp;commercial. GEIGER corporate&amp;commercial is represented by its owner Dr. Andrea Geiger. Contact Residenzstra\u00dfe\u00a018 D &#8211; 80333 Munich E-Mail ag@geiger-corpcom.com Phone\u00a0 + 49 89 215 585 110 Information specific to the legal profession: Professional titles Rechtsanw\u00e4ltin\u00a0 and\u00a0\u00a0Avocat \u00e0 la Cour\u00a0 [&hellip;]<\/p>\n","protected":false},"author":1,"featured_media":0,"parent":0,"menu_order":0,"comment_status":"closed","ping_status":"closed","template":"","meta":{"footnotes":""},"class_list":["post-125","page","type-page","status-publish","hentry"],"_links":{"self":[{"href":"https:\/\/geiger-corpcom.com\/en\/wp-json\/wp\/v2\/pages\/125","targetHints":{"allow":["GET"]}}],"collection":[{"href":"https:\/\/geiger-corpcom.com\/en\/wp-json\/wp\/v2\/pages"}],"about":[{"href":"https:\/\/geiger-corpcom.com\/en\/wp-json\/wp\/v2\/types\/page"}],"author":[{"embeddable":true,"href":"https:\/\/geiger-corpcom.com\/en\/wp-json\/wp\/v2\/users\/1"}],"replies":[{"embeddable":true,"href":"https:\/\/geiger-corpcom.com\/en\/wp-json\/wp\/v2\/comments?post=125"}],"version-history":[{"count":6,"href":"https:\/\/geiger-corpcom.com\/en\/wp-json\/wp\/v2\/pages\/125\/revisions"}],"predecessor-version":[{"id":147,"href":"https:\/\/geiger-corpcom.com\/en\/wp-json\/wp\/v2\/pages\/125\/revisions\/147"}],"wp:attachment":[{"href":"https:\/\/geiger-corpcom.com\/en\/wp-json\/wp\/v2\/media?parent=125"}],"curies":[{"name":"wp","href":"https:\/\/api.w.org\/{rel}","templated":true}]}}